{"id":161,"date":"2025-05-16T16:28:44","date_gmt":"2025-05-16T15:28:44","guid":{"rendered":"https:\/\/connectly.se\/?page_id=161"},"modified":"2025-09-11T16:05:51","modified_gmt":"2025-09-11T15:05:51","slug":"aterbetalning_returer","status":"publish","type":"page","link":"https:\/\/connectly.se\/en\/aterbetalning_returer\/","title":{"rendered":"\u00c5terbetalningspolicy"},"content":{"rendered":"<div data-elementor-type=\"wp-page\" data-elementor-id=\"161\" class=\"elementor elementor-161\">\n\t\t\t\t\t\t<section data-particle_enable=\"false\" data-particle-mobile-disabled=\"false\" class=\"elementor-section elementor-top-section elementor-element elementor-element-11354f4 elementor-section-boxed elementor-section-height-default elementor-section-height-default\" data-id=\"11354f4\" data-element_type=\"section\" data-e-type=\"section\">\n\t\t\t\t\t\t<div class=\"elementor-container elementor-column-gap-default\">\n\t\t\t\t\t<div class=\"elementor-column elementor-col-100 elementor-top-column elementor-element elementor-element-32ff5bc7\" data-id=\"32ff5bc7\" data-element_type=\"column\" data-e-type=\"column\">\n\t\t\t<div class=\"elementor-widget-wrap elementor-element-populated\">\n\t\t\t\t\t\t<div class=\"elementor-element elementor-element-43e1d1ce elementor-widget elementor-widget-text-editor\" data-id=\"43e1d1ce\" data-element_type=\"widget\" data-e-type=\"widget\" data-widget_type=\"text-editor.default\">\n\t\t\t\t<div class=\"elementor-widget-container\">\n\t\t\t\t\t\t\t\t\t\n<h2 class=\"wp-block-heading\">\u00a7 Upps\u00e4gning och hantering av medlemskap<\/h2>\n\n<h3 class=\"wp-block-heading\">1. Upps\u00e4gning av medlemskap<\/h3>\n\n<p>Medlem har r\u00e4tt att n\u00e4r som helst s\u00e4ga upp sitt medlemskap. Upps\u00e4gning ska ske skriftligen, antingen via den personliga profilsidan p\u00e5 webbplatsen eller genom att skicka ett e-postmeddelande till <a>support@connectly.se<\/a>.<\/p>\n\n<p>F\u00f6r att undvika f\u00f6rnyelse och d\u00e4rmed ny debitering m\u00e5ste upps\u00e4gning inkomma <strong>senast 14 dagar f\u00f6re p\u00e5b\u00f6rjandet av n\u00e4sta faktureringsperiod<\/strong>. Vid senare upps\u00e4gning l\u00f6per medlemskapet till slutet av n\u00e4stkommande period.<\/p>\n\n<p>Ingen \u00e5terbetalning sker f\u00f6r redan erlagda medlemsavgifter, s\u00e5vida inte annat anges i dessa villkor eller kr\u00e4vs enligt tvingande lag.<\/p>\n\n<h3 class=\"wp-block-heading\">2. Automatisk f\u00f6rnyelse<\/h3>\n\n<p>Om inget annat avtalats f\u00f6rnyas medlemskapet automatiskt vid utg\u00e5ngen av varje betalningsperiod (m\u00e5natligen eller \u00e5rligen, beroende p\u00e5 vald plan). Betalningsskyldighet f\u00f6religger f\u00f6r varje ny period som p\u00e5b\u00f6rjas.<\/p>\n\n<p>Vid \u00e5rsvis medlemskap skickas en skriftlig p\u00e5minnelse om f\u00f6rnyelse via e-post minst 30 dagar innan n\u00e4sta avtalsperiod inleds.<\/p>\n\n<h3 class=\"wp-block-heading\">3. Frysning av medlemskap<\/h3>\n\n<p>Connectly godk\u00e4nner frysning av medlemskap till f\u00f6retagsmedlemmar som kan p\u00e5visa underlag till godk\u00e4nda sk\u00e4l listat nedan upp till 6 m\u00e5nader.<\/p>\n<p>3.1. Obest\u00e5nd\/insolvent\u00a0<\/p>\n<p>3.2. Konkursf\u00f6rfarande<\/p>\n<p>3.3. I konkurs\u00a0<\/p>\n<p>3.4. P\u00e5g\u00e5ende krish\u00e4ndelser som p\u00e5verkar f\u00f6retagets organisation; D\u00f6dsfall och Terror attacker<\/p>\n\n<h3 class=\"wp-block-heading\">4. Tillf\u00e4lligt uppeh\u00e5ll<\/h3>\n\n<p>Medlem kan efter s\u00e4rskild beg\u00e4ran beviljas ett tillf\u00e4lligt uppeh\u00e5ll i medlemskapet utan att s\u00e4ga upp det permanent. Under uppeh\u00e5llstiden forts\u00e4tter medlemskapet formellt att l\u00f6pa, men avgift kan efter individuell pr\u00f6vning s\u00e4ttas ned eller eftersk\u00e4nkas.<\/p>\n\n<p>Connectly f\u00f6rbeh\u00e5ller sig r\u00e4tten att godk\u00e4nna eller avsl\u00e5 beg\u00e4ran om uppeh\u00e5ll fr\u00e5n fall till fall.<\/p>\n\n<h3 class=\"wp-block-heading\">5. Avslut och bekr\u00e4ftelse<\/h3>\n\n<p>Vid upps\u00e4gning skickas en skriftlig bekr\u00e4ftelse till den e-postadress medlemmen uppgett. Bekr\u00e4ftelsen anger n\u00e4r medlemskapet avslutas samt eventuella kvarst\u00e5ende \u00e5taganden.<\/p>\n\n<h3 class=\"wp-block-heading\">6. Missbruk och upps\u00e4gning fr\u00e5n Connectlys sida<\/h3>\n\n<p>Connectly f\u00f6rbeh\u00e5ller sig r\u00e4tten att med omedelbar verkan avsluta medlemskap om medlemmen bryter mot anv\u00e4ndarvillkoren, missbrukar tj\u00e4nsten eller agerar i strid med n\u00e4tverkets syfte och v\u00e4rderingar. Ingen \u00e5terbetalning sker vid s\u00e5dan upps\u00e4gning.<\/p>\n\n<p>\u00a0<\/p>\n\t\t\t\t\t\t\t\t<\/div>\n\t\t\t\t<\/div>\n\t\t\t\t\t<\/div>\n\t\t<\/div>\n\t\t\t\t\t<\/div>\n\t\t<\/section>\n\t\t\t\t<section data-particle_enable=\"false\" data-particle-mobile-disabled=\"false\" class=\"elementor-section elementor-top-section elementor-element elementor-element-d6e8c5b elementor-section-boxed elementor-section-height-default elementor-section-height-default\" data-id=\"d6e8c5b\" data-element_type=\"section\" data-e-type=\"section\">\n\t\t\t\t\t\t<div class=\"elementor-container elementor-column-gap-default\">\n\t\t\t\t\t<div class=\"elementor-column elementor-col-100 elementor-top-column elementor-element elementor-element-beda538\" data-id=\"beda538\" data-element_type=\"column\" data-e-type=\"column\">\n\t\t\t<div class=\"elementor-widget-wrap elementor-element-populated\">\n\t\t\t\t\t\t<div class=\"elementor-element elementor-element-cdcb96b elementor-widget elementor-widget-heading\" data-id=\"cdcb96b\" data-element_type=\"widget\" data-e-type=\"widget\" data-widget_type=\"heading.default\">\n\t\t\t\t<div class=\"elementor-widget-container\">\n\t\t\t\t\t<h2 class=\"elementor-heading-title elementor-size-default\">L\u00e4gg till din rubriktext h\u00e4r<\/h2>\t\t\t\t<\/div>\n\t\t\t\t<\/div>\n\t\t\t\t\t<\/div>\n\t\t<\/div>\n\t\t\t\t\t<\/div>\n\t\t<\/section>\n\t\t\t\t<\/div>","protected":false},"excerpt":{"rendered":"<p>\u00a7 Upps\u00e4gning och hantering av medlemskap 1. Upps\u00e4gning av medlemskap Medlem har r\u00e4tt att n\u00e4r som helst s\u00e4ga upp sitt medlemskap. Upps\u00e4gning ska ske skriftligen,&hellip;<\/p>","protected":false},"author":1,"featured_media":0,"parent":0,"menu_order":0,"comment_status":"closed","ping_status":"closed","template":"","meta":{"footnotes":""},"class_list":["post-161","page","type-page","status-publish","hentry"],"_links":{"self":[{"href":"https:\/\/connectly.se\/en\/wp-json\/wp\/v2\/pages\/161","targetHints":{"allow":["GET"]}}],"collection":[{"href":"https:\/\/connectly.se\/en\/wp-json\/wp\/v2\/pages"}],"about":[{"href":"https:\/\/connectly.se\/en\/wp-json\/wp\/v2\/types\/page"}],"author":[{"embeddable":true,"href":"https:\/\/connectly.se\/en\/wp-json\/wp\/v2\/users\/1"}],"replies":[{"embeddable":true,"href":"https:\/\/connectly.se\/en\/wp-json\/wp\/v2\/comments?post=161"}],"version-history":[{"count":5,"href":"https:\/\/connectly.se\/en\/wp-json\/wp\/v2\/pages\/161\/revisions"}],"predecessor-version":[{"id":1811,"href":"https:\/\/connectly.se\/en\/wp-json\/wp\/v2\/pages\/161\/revisions\/1811"}],"wp:attachment":[{"href":"https:\/\/connectly.se\/en\/wp-json\/wp\/v2\/media?parent=161"}],"curies":[{"name":"wp","href":"https:\/\/api.w.org\/{rel}","templated":true}]}}